{"id":12,"date":"2016-04-08T13:53:55","date_gmt":"2016-04-08T13:53:55","guid":{"rendered":"http:\/\/www.fingersafe.fi\/sormisuojat\/?page_id=12"},"modified":"2016-04-08T15:16:31","modified_gmt":"2016-04-08T15:16:31","slug":"fingersafe-sormiesi-suojaksi","status":"publish","type":"page","link":"http:\/\/www.fingersafe.fi\/sormisuojat\/","title":{"rendered":"Fingersafe, sormiesi suojaksi"},"content":{"rendered":"<div id=\"pl-12\"  class=\"panel-layout\" ><div id=\"pg-12-0\"  class=\"panel-grid panel-no-style\" ><div id=\"pgc-12-0-0\"  class=\"panel-grid-cell\" ><div id=\"panel-12-0-0-0\" class=\"so-panel widget widget_sow-editor panel-first-child\" data-index=\"0\" ><div class=\"so-widget-sow-editor so-widget-sow-editor-base\">\n<div class=\"siteorigin-widget-tinymce textwidget\">\n\t<p>Tiesitk\u00f6, ett\u00e4 Suomessa tapahtuu vuosittain tuhansia turhia sormitapaturmia avattavien ja suljettujen ovien kanssa?<\/p>\n<\/div>\n<\/div><\/div><div id=\"panel-12-0-0-1\" class=\"so-panel widget widget_sow-editor panel-last-child\" data-index=\"1\" ><div class=\"so-widget-sow-editor so-widget-sow-editor-base\">\n<div class=\"siteorigin-widget-tinymce textwidget\">\n\t<p><iframe loading=\"lazy\" src=\"https:\/\/www.youtube.com\/embed\/P-I6ZYsotbw\" width=\"560\" height=\"315\" frameborder=\"0\" allowfullscreen=\"allowfullscreen\"><\/iframe><\/p>\n<p><strong>Ota yhteytt\u00e4, ja tilaa ilmainen mallikappale!<\/strong><\/p>\n<\/div>\n<\/div><\/div><\/div><\/div><\/div>","protected":false},"excerpt":{"rendered":"<p>Tiesitk\u00f6, ett\u00e4 Suomessa tapahtuu vuosittain tuhansia turhia sormitapaturmia avattavien ja suljettujen ovien kanssa? Ota yhteytt\u00e4, ja tilaa ilmainen mallikappale!<\/p>\n","protected":false},"author":1,"featured_media":0,"parent":0,"menu_order":0,"comment_status":"closed","ping_status":"closed","template":"","meta":[],"_links":{"self":[{"href":"http:\/\/www.fingersafe.fi\/sormisuojat\/wp-json\/wp\/v2\/pages\/12"}],"collection":[{"href":"http:\/\/www.fingersafe.fi\/sormisuojat\/wp-json\/wp\/v2\/pages"}],"about":[{"href":"http:\/\/www.fingersafe.fi\/sormisuojat\/wp-json\/wp\/v2\/types\/page"}],"author":[{"embeddable":true,"href":"http:\/\/www.fingersafe.fi\/sormisuojat\/wp-json\/wp\/v2\/users\/1"}],"replies":[{"embeddable":true,"href":"http:\/\/www.fingersafe.fi\/sormisuojat\/wp-json\/wp\/v2\/comments?post=12"}],"version-history":[{"count":2,"href":"http:\/\/www.fingersafe.fi\/sormisuojat\/wp-json\/wp\/v2\/pages\/12\/revisions"}],"predecessor-version":[{"id":17,"href":"http:\/\/www.fingersafe.fi\/sormisuojat\/wp-json\/wp\/v2\/pages\/12\/revisions\/17"}],"wp:attachment":[{"href":"http:\/\/www.fingersafe.fi\/sormisuojat\/wp-json\/wp\/v2\/media?parent=12"}],"curies":[{"name":"wp","href":"https:\/\/api.w.org\/{rel}","templated":true}]}}