{"id":30,"date":"2016-04-08T14:18:11","date_gmt":"2016-04-08T14:18:11","guid":{"rendered":"http:\/\/www.fingersafe.fi\/sormisuojat\/?page_id=30"},"modified":"2016-04-13T12:58:35","modified_gmt":"2016-04-13T12:58:35","slug":"referenssit","status":"publish","type":"page","link":"http:\/\/www.fingersafe.fi\/sormisuojat\/referenssit\/","title":{"rendered":"Referenssit"},"content":{"rendered":"<div id=\"pl-30\"  class=\"panel-layout\" ><div id=\"pg-30-0\"  class=\"panel-grid panel-no-style\" ><div id=\"pgc-30-0-0\"  class=\"panel-grid-cell\" ><div id=\"panel-30-0-0-0\" class=\"so-panel widget widget_sow-editor panel-first-child panel-last-child\" data-index=\"0\" ><div class=\"so-widget-sow-editor so-widget-sow-editor-base\"><h3 class=\"widget-title\">Asennettuja kohteita<\/h3>\n<div class=\"siteorigin-widget-tinymce textwidget\">\n\t<p>Fingersafe sormisuojat on asennettu jo moneen tuhanteen oveen ymp\u00e4ri suomea.<br \/>\nAlla on lueteltu muutamia esimerkkikohteita.<\/p>\n<p>Lepp\u00e4veden PK<br \/>\nSuomenkyl\u00e4n PK<br \/>\nAlapitk\u00e4n koulu<br \/>\nHelsingin kaupunki<br \/>\nProvida PK<br \/>\nMyrskyl\u00e4nm\u00e4en PK<br \/>\nTiilikankaan PK<br \/>\nPikkutylli PK<br \/>\nPellavan PK<br \/>\nHakinm\u00e4en PK<br \/>\nFriisil\u00e4n PK<br \/>\nMussorin koulu<br \/>\nHelmiranta PK<br \/>\nKalasataman korttelitalo<br \/>\nVaaralammen PK<br \/>\nKurkimoision PK<br \/>\nOulun Kaupunki<br \/>\nMets\u00e4niityn PK<br \/>\nLappeen PK<br \/>\nEtel\u00e4-Savon Ammattiopisto<br \/>\nPeippolankujan PK<br \/>\nTrollebo PK<br \/>\nKivikon Pk<br \/>\nMontessori-leikkikoulu<br \/>\nPiiparinpolun PK<br \/>\nSaarij\u00e4rven PK<\/p>\n<\/div>\n<\/div><\/div><\/div><\/div><\/div>","protected":false},"excerpt":{"rendered":"<p>Fingersafe sormisuojat on asennettu jo moneen tuhanteen oveen ymp\u00e4ri suomea. Alla on lueteltu muutamia esimerkkikohteita. Lepp\u00e4veden PK Suomenkyl\u00e4n PK Alapitk\u00e4n koulu Helsingin kaupunki Provida PK Myrskyl\u00e4nm\u00e4en PK Tiilikankaan PK Pikkutylli PK Pellavan PK Hakinm\u00e4en PK Friisil\u00e4n PK Mussorin koulu Helmiranta PK Kalasataman korttelitalo Vaaralammen PK Kurkimoision PK Oulun Kaupunki Mets\u00e4niityn PK Lappeen PK Etel\u00e4-Savon Ammattiopisto &#8230; <a title=\"Referenssit\" class=\"read-more\" href=\"http:\/\/www.fingersafe.fi\/sormisuojat\/referenssit\/\" aria-label=\"More on Referenssit\">Lue lis\u00e4\u00e4<\/a><\/p>\n","protected":false},"author":1,"featured_media":0,"parent":0,"menu_order":0,"comment_status":"closed","ping_status":"closed","template":"","meta":[],"_links":{"self":[{"href":"http:\/\/www.fingersafe.fi\/sormisuojat\/wp-json\/wp\/v2\/pages\/30"}],"collection":[{"href":"http:\/\/www.fingersafe.fi\/sormisuojat\/wp-json\/wp\/v2\/pages"}],"about":[{"href":"http:\/\/www.fingersafe.fi\/sormisuojat\/wp-json\/wp\/v2\/types\/page"}],"author":[{"embeddable":true,"href":"http:\/\/www.fingersafe.fi\/sormisuojat\/wp-json\/wp\/v2\/users\/1"}],"replies":[{"embeddable":true,"href":"http:\/\/www.fingersafe.fi\/sormisuojat\/wp-json\/wp\/v2\/comments?post=30"}],"version-history":[{"count":4,"href":"http:\/\/www.fingersafe.fi\/sormisuojat\/wp-json\/wp\/v2\/pages\/30\/revisions"}],"predecessor-version":[{"id":58,"href":"http:\/\/www.fingersafe.fi\/sormisuojat\/wp-json\/wp\/v2\/pages\/30\/revisions\/58"}],"wp:attachment":[{"href":"http:\/\/www.fingersafe.fi\/sormisuojat\/wp-json\/wp\/v2\/media?parent=30"}],"curies":[{"name":"wp","href":"https:\/\/api.w.org\/{rel}","templated":true}]}}