{"id":33,"date":"2016-04-08T14:42:13","date_gmt":"2016-04-08T14:42:13","guid":{"rendered":"http:\/\/www.fingersafe.fi\/sormisuojat\/?page_id=33"},"modified":"2016-04-08T14:49:23","modified_gmt":"2016-04-08T14:49:23","slug":"asennusohjeet","status":"publish","type":"page","link":"http:\/\/www.fingersafe.fi\/sormisuojat\/asennusohjeet\/","title":{"rendered":"Asennusohjeet"},"content":{"rendered":"<div id=\"pl-33\"  class=\"panel-layout\" ><div id=\"pg-33-0\"  class=\"panel-grid panel-no-style\" ><div id=\"pgc-33-0-0\"  class=\"panel-grid-cell\" ><div id=\"panel-33-0-0-0\" class=\"so-panel widget widget_sow-editor panel-first-child panel-last-child\" data-index=\"0\" ><div class=\"so-widget-sow-editor so-widget-sow-editor-base\"><h3 class=\"widget-title\">Yleist\u00e4<\/h3>\n<div class=\"siteorigin-widget-tinymce textwidget\">\n\t<p>Fingersafe on helppo asentaa ja eritt\u00e4in luotettava oikein kiinnitettyn\u00e4. Asennus k\u00e4y nopeasti.<\/p>\n<p>On ensisijaisen t\u00e4rke\u00e4\u00e4, ett\u00e4 n\u00e4it\u00e4 ohjeita noudatetaan tarkasti. Emme ota vastuuta v\u00e4\u00e4rin tehdyist\u00e4 asennuksista.<\/p>\n<p>Fingersafe voidaan asentaa l\u00e4hes kaikkiin nykyaikaisiin oviin. Varmista kuitenkin, ettei ovesi ole seuraavaa tyyppi\u00e4.<\/p>\n<ul><\/ul>\n<ul>\n<li>kaksoisheiluriovi (aukeaa 360\u00b0)<\/li>\n<li>liukuovet<\/li>\n<\/ul>\n<p>\u00a0<\/p>\n<p>Ongelmatapauksissa ota yhteytt\u00e4.<\/p>\n<p>N\u00e4hd\u00e4ksesi asennusohjeet tarvitset <a href=\"http:\/\/www.adobe.com\/products\/acrobat\/readstep2.html\">Adobe Acrobat Reader-ohjelman<\/a>. Voit ladata sen ilmaiseksi Adoben sivuilta<\/p>\n<\/div>\n<\/div><\/div><\/div><\/div><div id=\"pg-33-1\"  class=\"panel-grid panel-no-style\" ><div id=\"pgc-33-1-0\"  class=\"panel-grid-cell\" ><div id=\"panel-33-1-0-0\" class=\"so-panel widget widget_sow-image panel-first-child panel-last-child\" data-index=\"1\" ><div class=\"so-widget-sow-image so-widget-sow-image-default-d6014b76747a-33\">\n\n<div class=\"sow-image-container\">\n\t\t\t<a\n\t\t\thref=\"http:\/\/www.fingersafe.fi\/sormisuojat\/wp-content\/uploads\/2016\/04\/asennus1.pdf\"\n\t\t\t\t\t>\n\t\t\t<img src=\"http:\/\/www.fingersafe.fi\/sormisuojat\/wp-content\/uploads\/2016\/04\/asennus1hover.jpg\" width=\"200\" height=\"267\" sizes=\"(max-width: 200px) 100vw, 200px\" alt=\"\" loading=\"lazy\" \t\tclass=\"so-widget-image\"\/>\n\t<\/a><\/div>\n\n<\/div><\/div><\/div><div id=\"pgc-33-1-1\"  class=\"panel-grid-cell\" ><div id=\"panel-33-1-1-0\" class=\"so-panel widget widget_sow-image panel-first-child panel-last-child\" data-index=\"2\" ><div class=\"so-widget-sow-image so-widget-sow-image-default-d6014b76747a-33\">\n\n<div class=\"sow-image-container\">\n\t\t\t<a\n\t\t\thref=\"http:\/\/www.fingersafe.fi\/sormisuojat\/wp-content\/uploads\/2016\/04\/asennus2.pdf\"\n\t\t\ttarget=\"_blank\" rel=\"noopener noreferrer\" \t\t>\n\t\t\t<img src=\"http:\/\/www.fingersafe.fi\/sormisuojat\/wp-content\/uploads\/2016\/04\/asennusb2.jpg\" width=\"200\" height=\"267\" sizes=\"(max-width: 200px) 100vw, 200px\" alt=\"\" loading=\"lazy\" \t\tclass=\"so-widget-image\"\/>\n\t<\/a><\/div>\n\n<\/div><\/div><\/div><div id=\"pgc-33-1-2\"  class=\"panel-grid-cell\" ><div id=\"panel-33-1-2-0\" class=\"so-panel widget widget_sow-image panel-first-child panel-last-child\" data-index=\"3\" ><div class=\"so-widget-sow-image so-widget-sow-image-default-d6014b76747a-33\">\n\n<div class=\"sow-image-container\">\n\t\t\t<a\n\t\t\thref=\"http:\/\/www.fingersafe.fi\/sormisuojat\/wp-content\/uploads\/2016\/04\/MK1Casennusohje.pdf\"\n\t\t\ttarget=\"_blank\" rel=\"noopener noreferrer\" \t\t>\n\t\t\t<img src=\"http:\/\/www.fingersafe.fi\/sormisuojat\/wp-content\/uploads\/2016\/04\/asennusc2.jpg\" width=\"200\" height=\"267\" sizes=\"(max-width: 200px) 100vw, 200px\" alt=\"\" loading=\"lazy\" \t\tclass=\"so-widget-image\"\/>\n\t<\/a><\/div>\n\n<\/div><\/div><\/div><\/div><\/div>","protected":false},"excerpt":{"rendered":"<p>Fingersafe on helppo asentaa ja eritt\u00e4in luotettava oikein kiinnitettyn\u00e4. Asennus k\u00e4y nopeasti.On ensisijaisen t\u00e4rke\u00e4\u00e4, ett\u00e4 n\u00e4it\u00e4 ohjeita noudatetaan tarkasti. Emme ota vastuuta v\u00e4\u00e4rin tehdyist\u00e4 asennuksista.Fingersafe voidaan asentaa l\u00e4hes kaikkiin nykyaikaisiin oviin. Varmista kuitenkin, ettei ovesi ole seuraavaa tyyppi\u00e4.kaksoisheiluriovi (aukeaa 360\u00b0)liukuovet\u00a0Ongelmatapauksissa ota yhteytt\u00e4.N\u00e4hd\u00e4ksesi asennusohjeet tarvitset Adobe Acrobat Reader-ohjelman. Voit ladata sen ilmaiseksi Adoben sivuilta<\/p>\n","protected":false},"author":1,"featured_media":0,"parent":0,"menu_order":0,"comment_status":"closed","ping_status":"closed","template":"","meta":[],"_links":{"self":[{"href":"http:\/\/www.fingersafe.fi\/sormisuojat\/wp-json\/wp\/v2\/pages\/33"}],"collection":[{"href":"http:\/\/www.fingersafe.fi\/sormisuojat\/wp-json\/wp\/v2\/pages"}],"about":[{"href":"http:\/\/www.fingersafe.fi\/sormisuojat\/wp-json\/wp\/v2\/types\/page"}],"author":[{"embeddable":true,"href":"http:\/\/www.fingersafe.fi\/sormisuojat\/wp-json\/wp\/v2\/users\/1"}],"replies":[{"embeddable":true,"href":"http:\/\/www.fingersafe.fi\/sormisuojat\/wp-json\/wp\/v2\/comments?post=33"}],"version-history":[{"count":6,"href":"http:\/\/www.fingersafe.fi\/sormisuojat\/wp-json\/wp\/v2\/pages\/33\/revisions"}],"predecessor-version":[{"id":47,"href":"http:\/\/www.fingersafe.fi\/sormisuojat\/wp-json\/wp\/v2\/pages\/33\/revisions\/47"}],"wp:attachment":[{"href":"http:\/\/www.fingersafe.fi\/sormisuojat\/wp-json\/wp\/v2\/media?parent=33"}],"curies":[{"name":"wp","href":"https:\/\/api.w.org\/{rel}","templated":true}]}}